{"id":986,"date":"2024-12-18T23:36:19","date_gmt":"2024-12-19T04:36:19","guid":{"rendered":"https:\/\/coresec.regionmoquegua.gob.pe\/?page_id=986"},"modified":"2025-07-31T10:40:23","modified_gmt":"2025-07-31T15:40:23","slug":"publicaciones-2","status":"publish","type":"page","link":"https:\/\/coresec.regionmoquegua.gob.pe\/?page_id=986","title":{"rendered":"Publicaciones"},"content":{"rendered":"\t\t<div data-elementor-type=\"wp-page\" data-elementor-id=\"986\" class=\"elementor elementor-986\">\n\t\t\t\t<div class=\"elementor-element elementor-element-cba4820 e-flex e-con-boxed e-con e-parent\" data-id=\"cba4820\" data-element_type=\"container\" data-e-type=\"container\">\n\t\t\t\t\t<div class=\"e-con-inner\">\n\t\t\t\t<div class=\"elementor-element elementor-element-1df21ff elementor-widget elementor-widget-spacer\" data-id=\"1df21ff\" data-element_type=\"widget\" data-e-type=\"widget\" data-widget_type=\"spacer.default\">\n\t\t\t\t<div class=\"elementor-widget-container\">\n\t\t\t\t\t\t\t<div class=\"elementor-spacer\">\n\t\t\t<div class=\"elementor-spacer-inner\"><\/div>\n\t\t<\/div>\n\t\t\t\t\t\t<\/div>\n\t\t\t\t<\/div>\n\t\t\t\t<div class=\"elementor-element elementor-element-379f878 elementor-widget elementor-widget-heading\" data-id=\"379f878\" data-element_type=\"widget\" data-e-type=\"widget\" data-widget_type=\"heading.default\">\n\t\t\t\t<div class=\"elementor-widget-container\">\n\t\t\t\t\t<h2 class=\"elementor-heading-title elementor-size-default\">NOTICIAS<\/h2>\t\t\t\t<\/div>\n\t\t\t\t<\/div>\n\t\t\t\t<div class=\"elementor-element elementor-element-aca9c3f elementor-widget elementor-widget-spacer\" data-id=\"aca9c3f\" data-element_type=\"widget\" data-e-type=\"widget\" data-widget_type=\"spacer.default\">\n\t\t\t\t<div class=\"elementor-widget-container\">\n\t\t\t\t\t\t\t<div class=\"elementor-spacer\">\n\t\t\t<div class=\"elementor-spacer-inner\"><\/div>\n\t\t<\/div>\n\t\t\t\t\t\t<\/div>\n\t\t\t\t<\/div>\n\t\t<div class=\"elementor-element elementor-element-6ce1a9f e-con-full e-flex e-con e-child\" data-id=\"6ce1a9f\" data-element_type=\"container\" data-e-type=\"container\">\n\t\t<div class=\"elementor-element elementor-element-f989868 e-grid e-con-full e-con e-child\" data-id=\"f989868\" data-element_type=\"container\" data-e-type=\"container\">\n\t\t<div class=\"elementor-element elementor-element-3eb1876 e-con-full e-flex e-con e-child\" data-id=\"3eb1876\" data-element_type=\"container\" data-e-type=\"container\">\n\t\t\t\t<div class=\"elementor-element elementor-element-87722ba elementor-widget elementor-widget-heading\" data-id=\"87722ba\" data-element_type=\"widget\" data-e-type=\"widget\" data-widget_type=\"heading.default\">\n\t\t\t\t<div class=\"elementor-widget-container\">\n\t\t\t\t\t<h2 class=\"elementor-heading-title elementor-size-default\">Nuevo sistema de videovigilancia inteligente interconectar\u00e1 m\u00e1s de 3 mil c\u00e1maras de la PNP y gobiernos locales.<\/h2>\t\t\t\t<\/div>\n\t\t\t\t<\/div>\n\t\t\t\t<div class=\"elementor-element elementor-element-9f3aade elementor-widget elementor-widget-text-editor\" data-id=\"9f3aade\" data-element_type=\"widget\" data-e-type=\"widget\" data-widget_type=\"text-editor.default\">\n\t\t\t\t<div class=\"elementor-widget-container\">\n\t\t\t\t\t\t\t\t\t<p><span class=\"date-display-single\" style=\"margin: 0;\">Viernes, 25 Julio, 2025<\/span><\/p>\t\t\t\t\t\t\t\t<\/div>\n\t\t\t\t<\/div>\n\t\t\t\t<div class=\"elementor-element elementor-element-32bc3d3 elementor-widget elementor-widget-text-editor\" data-id=\"32bc3d3\" data-element_type=\"widget\" data-e-type=\"widget\" data-widget_type=\"text-editor.default\">\n\t\t\t\t<div class=\"elementor-widget-container\">\n\t\t\t\t\t\t\t\t\t<div style=\"max-height: 150px; overflow: hidden;\">Un total de 3044 c\u00e1maras de seguridad de la Polic\u00eda Nacional del Per\u00fa (PNP) y gobiernos locales estar\u00e1n interconectadas en un nuevo sistema de videovigilancia inteligente, cuya implementaci\u00f3n se realizar\u00e1 gracias a un contrato suscrito entre la unidad ejecutora Per\u00fa Seguro y el grupo empresarial Amper Sistemas Sucursal Per\u00fa.<\/div><p><span style=\"text-decoration: underline;\"><span style=\"color: #00ccff;\"><a style=\"color: #00ccff; text-decoration: underline;\" href=\"https:\/\/www.gob.pe\/institucion\/mininter\/noticias\/1214902-nuevo-sistema-de-videovigilancia-inteligente-interconectara-mas-de-3-mil-camaras-de-la-pnp-y-gobiernos-locales\" target=\"_blank\" rel=\"noopener\">Leer noticia completa<\/a><\/span><\/span><\/p>\t\t\t\t\t\t\t\t<\/div>\n\t\t\t\t<\/div>\n\t\t\t\t<div class=\"elementor-element elementor-element-86c09f7 elementor-widget elementor-widget-image\" data-id=\"86c09f7\" data-element_type=\"widget\" data-e-type=\"widget\" data-widget_type=\"image.default\">\n\t\t\t\t<div class=\"elementor-widget-container\">\n\t\t\t\t\t\t\t\t\t\t\t\t\t\t\t<img fetchpriority=\"high\" decoding=\"async\" width=\"760\" height=\"507\" src=\"https:\/\/coresec.regionmoquegua.gob.pe\/wp-content\/uploads\/2025\/07\/000296535M.jpg\" class=\"attachment-large size-large wp-image-1509\" alt=\"\" srcset=\"https:\/\/coresec.regionmoquegua.gob.pe\/wp-content\/uploads\/2025\/07\/000296535M.jpg 760w, https:\/\/coresec.regionmoquegua.gob.pe\/wp-content\/uploads\/2025\/07\/000296535M-300x200.jpg 300w\" sizes=\"(max-width: 760px) 100vw, 760px\" \/>\t\t\t\t\t\t\t\t\t\t\t\t\t\t\t<\/div>\n\t\t\t\t<\/div>\n\t\t\t\t<div class=\"elementor-element elementor-element-ef77bef elementor-widget elementor-widget-text-editor\" data-id=\"ef77bef\" data-element_type=\"widget\" data-e-type=\"widget\" data-widget_type=\"text-editor.default\">\n\t\t\t\t<div class=\"elementor-widget-container\">\n\t\t\t\t\t\t\t\t\t<p style=\"margin: 0;\">Fuente: Ministerio del Interior (MININTER)<\/p>\t\t\t\t\t\t\t\t<\/div>\n\t\t\t\t<\/div>\n\t\t\t\t<\/div>\n\t\t<div class=\"elementor-element elementor-element-8289ec7 e-con-full e-flex e-con e-child\" data-id=\"8289ec7\" data-element_type=\"container\" data-e-type=\"container\">\n\t\t\t\t<div class=\"elementor-element elementor-element-ccfbef2 elementor-widget elementor-widget-heading\" data-id=\"ccfbef2\" data-element_type=\"widget\" data-e-type=\"widget\" data-widget_type=\"heading.default\">\n\t\t\t\t<div class=\"elementor-widget-container\">\n\t\t\t\t\t<h2 class=\"elementor-heading-title elementor-size-default\">Moquegua: Firman convenios para fortalecer la seguridad ciudadana.<\/h2>\t\t\t\t<\/div>\n\t\t\t\t<\/div>\n\t\t\t\t<div class=\"elementor-element elementor-element-e7e962e elementor-widget elementor-widget-text-editor\" data-id=\"e7e962e\" data-element_type=\"widget\" data-e-type=\"widget\" data-widget_type=\"text-editor.default\">\n\t\t\t\t<div class=\"elementor-widget-container\">\n\t\t\t\t\t\t\t\t\t<p><span class=\"date-display-single\" style=\"margin: 0;\">Martes, 15 Julio, 2025<\/span><\/p>\t\t\t\t\t\t\t\t<\/div>\n\t\t\t\t<\/div>\n\t\t\t\t<div class=\"elementor-element elementor-element-f2958ca elementor-widget elementor-widget-text-editor\" data-id=\"f2958ca\" data-element_type=\"widget\" data-e-type=\"widget\" data-widget_type=\"text-editor.default\">\n\t\t\t\t<div class=\"elementor-widget-container\">\n\t\t\t\t\t\t\t\t\t<div style=\"max-height: 150px; overflow: hidden;\">Gobierno Regional de Moquegua y el Ministerio del Interior suscriben alianzas para la implementaci\u00f3n de un laboratorio forense y la adquisici\u00f3n de patrulleros.<p class=\"rtejustify\">En\u00a0el marco del VIII Consejo de Estado Regional (CER), el Gobierno Regional de Moquegua suscribi\u00f3 dos convenios de cooperaci\u00f3n interinstitucional con el Ministerio del Interior, orientados a reforzar la seguridad ciudadana y mejorar la capacidad operativa de la Polic\u00eda Nacional del Per\u00fa (PNP) en la regi\u00f3n Moquegua.<\/p><p class=\"rtejustify\">La firma de ambos convenios estuvo encabezada por la gobernadora regional de Moquegua Gilia Guti\u00e9rrez Ayala y el ministro del Interior Carlos Alberto Malaver Odias, como parte de una estrategia conjunta que busca modernizar los servicios policiales.<\/p><\/div><p><span style=\"text-decoration: underline;\"><span style=\"color: #00ccff;\"><a style=\"color: #00ccff; text-decoration: underline;\" href=\"https:\/\/conasec.mininter.gob.pe\/noticias\/moquegua-firman-convenios-para-fortalecer-la-seguridad-ciudadana\" target=\"_blank\" rel=\"noopener\">Leer noticia completa<\/a><\/span><\/span><\/p>\t\t\t\t\t\t\t\t<\/div>\n\t\t\t\t<\/div>\n\t\t\t\t<div class=\"elementor-element elementor-element-91ead91 elementor-widget elementor-widget-image\" data-id=\"91ead91\" data-element_type=\"widget\" data-e-type=\"widget\" data-widget_type=\"image.default\">\n\t\t\t\t<div class=\"elementor-widget-container\">\n\t\t\t\t\t\t\t\t\t\t\t\t\t\t\t<img decoding=\"async\" width=\"1024\" height=\"347\" src=\"https:\/\/coresec.regionmoquegua.gob.pe\/wp-content\/uploads\/2024\/12\/110-detenidos-operativo-Lima-1024x347.jpg\" class=\"attachment-large size-large wp-image-977\" alt=\"\" srcset=\"https:\/\/coresec.regionmoquegua.gob.pe\/wp-content\/uploads\/2024\/12\/110-detenidos-operativo-Lima-1024x347.jpg 1024w, https:\/\/coresec.regionmoquegua.gob.pe\/wp-content\/uploads\/2024\/12\/110-detenidos-operativo-Lima-300x102.jpg 300w, https:\/\/coresec.regionmoquegua.gob.pe\/wp-content\/uploads\/2024\/12\/110-detenidos-operativo-Lima-768x260.jpg 768w, https:\/\/coresec.regionmoquegua.gob.pe\/wp-content\/uploads\/2024\/12\/110-detenidos-operativo-Lima.jpg 1180w\" sizes=\"(max-width: 1024px) 100vw, 1024px\" \/>\t\t\t\t\t\t\t\t\t\t\t\t\t\t\t<\/div>\n\t\t\t\t<\/div>\n\t\t\t\t<div class=\"elementor-element elementor-element-059088b elementor-widget elementor-widget-text-editor\" data-id=\"059088b\" data-element_type=\"widget\" data-e-type=\"widget\" data-widget_type=\"text-editor.default\">\n\t\t\t\t<div class=\"elementor-widget-container\">\n\t\t\t\t\t\t\t\t\t<p style=\"margin: 0;\">Fuente: Ministerio del Interior (MININTER)<\/p>\t\t\t\t\t\t\t\t<\/div>\n\t\t\t\t<\/div>\n\t\t\t\t<\/div>\n\t\t<div class=\"elementor-element elementor-element-de1a975 e-con-full e-flex e-con e-child\" data-id=\"de1a975\" data-element_type=\"container\" data-e-type=\"container\">\n\t\t\t\t<div class=\"elementor-element elementor-element-67d9223 elementor-widget elementor-widget-heading\" data-id=\"67d9223\" data-element_type=\"widget\" data-e-type=\"widget\" data-widget_type=\"heading.default\">\n\t\t\t\t<div class=\"elementor-widget-container\">\n\t\t\t\t\t<h2 class=\"elementor-heading-title elementor-size-default\">Moquegua refuerza la lucha contra la inseguridad con moderno proyecto de seguridad ciudadana.<\/h2>\t\t\t\t<\/div>\n\t\t\t\t<\/div>\n\t\t\t\t<div class=\"elementor-element elementor-element-4170c6e elementor-widget elementor-widget-text-editor\" data-id=\"4170c6e\" data-element_type=\"widget\" data-e-type=\"widget\" data-widget_type=\"text-editor.default\">\n\t\t\t\t<div class=\"elementor-widget-container\">\n\t\t\t\t\t\t\t\t\t<p><span class=\"date-display-single\" style=\"margin: 0;\">Jueves, 12 Junio, 2025<\/span><\/p>\t\t\t\t\t\t\t\t<\/div>\n\t\t\t\t<\/div>\n\t\t\t\t<div class=\"elementor-element elementor-element-403b002 elementor-widget elementor-widget-text-editor\" data-id=\"403b002\" data-element_type=\"widget\" data-e-type=\"widget\" data-widget_type=\"text-editor.default\">\n\t\t\t\t<div class=\"elementor-widget-container\">\n\t\t\t\t\t\t\t\t\t<div style=\"max-height: 150px; overflow: hidden;\">En el marco del compromiso por fortalecer la seguridad ciudadana en el distrito de Moquegua, se encuentra en ejecuci\u00f3n la elaboraci\u00f3n del expediente t\u00e9cnico del ambicioso proyecto denominado \u00abMejoramiento del Servicio de Seguridad Ciudadana Local en la Oficina de Seguridad Ciudadana del Distrito de Moquegua\u00bb, declarado viable con el codigo CIU N\u00b02663293, el cual sera ejecutado en un plazo de 365 dias.<\/div><p><span style=\"text-decoration: underline;\"><span style=\"color: #00ccff;\"><a style=\"color: #00ccff; text-decoration: underline;\" href=\"https:\/\/prensaregional.pe\/moquegua-refuerza-la-lucha-contra-la-inseguridad-con-moderno-proyecto-de-seguridad-ciudadana\/\" target=\"_blank\" rel=\"noopener\">Leer noticia completa<\/a><\/span><\/span><\/p>\t\t\t\t\t\t\t\t<\/div>\n\t\t\t\t<\/div>\n\t\t\t\t<div class=\"elementor-element elementor-element-3ba1308 elementor-widget elementor-widget-image\" data-id=\"3ba1308\" data-element_type=\"widget\" data-e-type=\"widget\" data-widget_type=\"image.default\">\n\t\t\t\t<div class=\"elementor-widget-container\">\n\t\t\t\t\t\t\t\t\t\t\t\t\t\t\t<img decoding=\"async\" width=\"1024\" height=\"347\" src=\"https:\/\/coresec.regionmoquegua.gob.pe\/wp-content\/uploads\/2024\/12\/conasec-lucha-contra-delincuencia-1024x347.jpeg\" class=\"attachment-large size-large wp-image-1023\" alt=\"\" srcset=\"https:\/\/coresec.regionmoquegua.gob.pe\/wp-content\/uploads\/2024\/12\/conasec-lucha-contra-delincuencia-1024x347.jpeg 1024w, https:\/\/coresec.regionmoquegua.gob.pe\/wp-content\/uploads\/2024\/12\/conasec-lucha-contra-delincuencia-300x102.jpeg 300w, https:\/\/coresec.regionmoquegua.gob.pe\/wp-content\/uploads\/2024\/12\/conasec-lucha-contra-delincuencia-768x260.jpeg 768w, https:\/\/coresec.regionmoquegua.gob.pe\/wp-content\/uploads\/2024\/12\/conasec-lucha-contra-delincuencia.jpeg 1180w\" sizes=\"(max-width: 1024px) 100vw, 1024px\" \/>\t\t\t\t\t\t\t\t\t\t\t\t\t\t\t<\/div>\n\t\t\t\t<\/div>\n\t\t\t\t<div class=\"elementor-element elementor-element-384e89e elementor-widget elementor-widget-text-editor\" data-id=\"384e89e\" data-element_type=\"widget\" data-e-type=\"widget\" data-widget_type=\"text-editor.default\">\n\t\t\t\t<div class=\"elementor-widget-container\">\n\t\t\t\t\t\t\t\t\t<p style=\"margin: 0;\">Fuente: Prensa Regional Moquegua<\/p>\t\t\t\t\t\t\t\t<\/div>\n\t\t\t\t<\/div>\n\t\t\t\t<\/div>\n\t\t<div class=\"elementor-element elementor-element-ab56e07 e-con-full e-flex e-con e-child\" data-id=\"ab56e07\" data-element_type=\"container\" data-e-type=\"container\">\n\t\t\t\t<div class=\"elementor-element elementor-element-2de94c7 elementor-widget elementor-widget-heading\" data-id=\"2de94c7\" data-element_type=\"widget\" data-e-type=\"widget\" data-widget_type=\"heading.default\">\n\t\t\t\t<div class=\"elementor-widget-container\">\n\t\t\t\t\t<h2 class=\"elementor-heading-title elementor-size-default\">Presupuesto del Mininter para el 2025 tendr\u00e1 como prioridad la lucha frente a la criminalidad y la reducci\u00f3n de la victimizaci\u00f3n ciudadana<\/h2>\t\t\t\t<\/div>\n\t\t\t\t<\/div>\n\t\t\t\t<div class=\"elementor-element elementor-element-ff4a5a7 elementor-widget elementor-widget-text-editor\" data-id=\"ff4a5a7\" data-element_type=\"widget\" data-e-type=\"widget\" data-widget_type=\"text-editor.default\">\n\t\t\t\t<div class=\"elementor-widget-container\">\n\t\t\t\t\t\t\t\t\t<span class=\"date-display-single\" style=\"margin: 0;\">Jueves, 28 Noviembre, 2024<\/span>\t\t\t\t\t\t\t\t<\/div>\n\t\t\t\t<\/div>\n\t\t\t\t<div class=\"elementor-element elementor-element-c3fdc49 elementor-widget elementor-widget-text-editor\" data-id=\"c3fdc49\" data-element_type=\"widget\" data-e-type=\"widget\" data-widget_type=\"text-editor.default\">\n\t\t\t\t<div class=\"elementor-widget-container\">\n\t\t\t\t\t\t\t\t\t<div style=\"max-height: 150px; overflow: hidden;\"><span style=\"color: #000000;\">El ministro del Interior, Juan Jos\u00e9 Santiv\u00e1\u00f1ez, anunci\u00f3 que el proyecto de presupuesto para el a\u00f1o fiscal 2025 tiene como prioridad la lucha frente a la criminalidad organizada, la reducci\u00f3n de la victimizaci\u00f3n ciudadana y la disminuci\u00f3n de los da\u00f1os generados por los conflictos sociales a nivel nacional.<\/span><\/div><p><span style=\"text-decoration: underline;\"><span style=\"color: #00ccff;\"><a style=\"color: #00ccff; text-decoration: underline;\" href=\"https:\/\/conasec.mininter.gob.pe\/noticias\/presupuesto-del-mininter-para-el-2025-tendr%C3%A1-como-prioridad-la-lucha-frente-la-criminalidad\" target=\"_blank\" rel=\"noopener\">Leer noticia completa<\/a><\/span><\/span><\/p>\t\t\t\t\t\t\t\t<\/div>\n\t\t\t\t<\/div>\n\t\t\t\t<div class=\"elementor-element elementor-element-d4a7836 elementor-widget elementor-widget-image\" data-id=\"d4a7836\" data-element_type=\"widget\" data-e-type=\"widget\" data-widget_type=\"image.default\">\n\t\t\t\t<div class=\"elementor-widget-container\">\n\t\t\t\t\t\t\t\t\t\t\t\t\t\t\t<img loading=\"lazy\" decoding=\"async\" width=\"1024\" height=\"347\" src=\"https:\/\/coresec.regionmoquegua.gob.pe\/wp-content\/uploads\/2024\/12\/presupuesto-mininter-tendra-prioridad-lucha-criminalidad-1024x347.jpg\" class=\"attachment-large size-large wp-image-1031\" alt=\"\" srcset=\"https:\/\/coresec.regionmoquegua.gob.pe\/wp-content\/uploads\/2024\/12\/presupuesto-mininter-tendra-prioridad-lucha-criminalidad-1024x347.jpg 1024w, https:\/\/coresec.regionmoquegua.gob.pe\/wp-content\/uploads\/2024\/12\/presupuesto-mininter-tendra-prioridad-lucha-criminalidad-300x102.jpg 300w, https:\/\/coresec.regionmoquegua.gob.pe\/wp-content\/uploads\/2024\/12\/presupuesto-mininter-tendra-prioridad-lucha-criminalidad-768x260.jpg 768w, https:\/\/coresec.regionmoquegua.gob.pe\/wp-content\/uploads\/2024\/12\/presupuesto-mininter-tendra-prioridad-lucha-criminalidad.jpg 1180w\" sizes=\"(max-width: 1024px) 100vw, 1024px\" \/>\t\t\t\t\t\t\t\t\t\t\t\t\t\t\t<\/div>\n\t\t\t\t<\/div>\n\t\t\t\t<div class=\"elementor-element elementor-element-3ab9e7d elementor-widget elementor-widget-text-editor\" data-id=\"3ab9e7d\" data-element_type=\"widget\" data-e-type=\"widget\" data-widget_type=\"text-editor.default\">\n\t\t\t\t<div class=\"elementor-widget-container\">\n\t\t\t\t\t\t\t\t\t<p style=\"margin: 0;\">Fuente: Ministerio del Interior (MININTER)<\/p>\t\t\t\t\t\t\t\t<\/div>\n\t\t\t\t<\/div>\n\t\t\t\t<\/div>\n\t\t<div class=\"elementor-element elementor-element-5686095 e-con-full e-flex e-con e-child\" data-id=\"5686095\" data-element_type=\"container\" data-e-type=\"container\">\n\t\t\t\t<div class=\"elementor-element elementor-element-5e54f13 elementor-widget elementor-widget-heading\" data-id=\"5e54f13\" data-element_type=\"widget\" data-e-type=\"widget\" data-widget_type=\"heading.default\">\n\t\t\t\t<div class=\"elementor-widget-container\">\n\t\t\t\t\t<h2 class=\"elementor-heading-title elementor-size-default\">Decreto Supremo que aprueba la\nestructura curricular b\u00e1sica de los Centros\nde Capacitaci\u00f3n de Serenos y estandariza\nlas caracter\u00edsticas de uniformes, veh\u00edculos,\ndistintivos e implementos del sereno<\/h2>\t\t\t\t<\/div>\n\t\t\t\t<\/div>\n\t\t\t\t<div class=\"elementor-element elementor-element-99ea0ca elementor-widget elementor-widget-text-editor\" data-id=\"99ea0ca\" data-element_type=\"widget\" data-e-type=\"widget\" data-widget_type=\"text-editor.default\">\n\t\t\t\t<div class=\"elementor-widget-container\">\n\t\t\t\t\t\t\t\t\t<span class=\"date-display-single\" style=\"margin: 0\">Jueves, 10 Marzo, 2022<\/span>\t\t\t\t\t\t\t\t<\/div>\n\t\t\t\t<\/div>\n\t\t\t\t<div class=\"elementor-element elementor-element-d8b711b elementor-widget elementor-widget-text-editor\" data-id=\"d8b711b\" data-element_type=\"widget\" data-e-type=\"widget\" data-widget_type=\"text-editor.default\">\n\t\t\t\t<div class=\"elementor-widget-container\">\n\t\t\t\t\t\t\t\t\t<div style=\"max-height: 150px; overflow: hidden;\"><span style=\"color: #000000;\">Que, la constituci\u00f3n Pol\u00edtica del Per\u00fa en su art\u00edculo 197\nestablece que las municipalidades promueven, apoyan\ny reglamentan la participaci\u00f3n vecinal en el desarrollo\nlocal; y brindan servicios de seguridad ciudadana, con la\ncooperaci\u00f3n de la Polic\u00eda Nacional del Per\u00fa, conforme a\nley;<\/span><\/div>\n<span style=\"text-decoration: underline;\"><span style=\"color: #00ccff;\"><a style=\"color: #00ccff; text-decoration: underline;\" href=\"https:\/\/coresec.regionmoquegua.gob.pe\/wp-content\/uploads\/2024\/12\/seremazgo.pdf\" target=\"_blank\" rel=\"noopener\">Leer noticia completa<\/a><\/span><\/span>\t\t\t\t\t\t\t\t<\/div>\n\t\t\t\t<\/div>\n\t\t\t\t<div class=\"elementor-element elementor-element-999d803 elementor-widget elementor-widget-image\" data-id=\"999d803\" data-element_type=\"widget\" data-e-type=\"widget\" data-widget_type=\"image.default\">\n\t\t\t\t<div class=\"elementor-widget-container\">\n\t\t\t\t\t\t\t\t\t\t\t\t\t\t\t<img loading=\"lazy\" decoding=\"async\" width=\"1024\" height=\"271\" src=\"https:\/\/coresec.regionmoquegua.gob.pe\/wp-content\/uploads\/2024\/12\/elperuano_logo-1024x271.jpg\" class=\"attachment-large size-large wp-image-1080\" alt=\"\" srcset=\"https:\/\/coresec.regionmoquegua.gob.pe\/wp-content\/uploads\/2024\/12\/elperuano_logo-1024x271.jpg 1024w, https:\/\/coresec.regionmoquegua.gob.pe\/wp-content\/uploads\/2024\/12\/elperuano_logo-300x79.jpg 300w, https:\/\/coresec.regionmoquegua.gob.pe\/wp-content\/uploads\/2024\/12\/elperuano_logo-768x203.jpg 768w, https:\/\/coresec.regionmoquegua.gob.pe\/wp-content\/uploads\/2024\/12\/elperuano_logo-1536x406.jpg 1536w, https:\/\/coresec.regionmoquegua.gob.pe\/wp-content\/uploads\/2024\/12\/elperuano_logo-2048x541.jpg 2048w\" sizes=\"(max-width: 1024px) 100vw, 1024px\" \/>\t\t\t\t\t\t\t\t\t\t\t\t\t\t\t<\/div>\n\t\t\t\t<\/div>\n\t\t\t\t<div class=\"elementor-element elementor-element-1ef8b4b elementor-widget elementor-widget-text-editor\" data-id=\"1ef8b4b\" data-element_type=\"widget\" data-e-type=\"widget\" data-widget_type=\"text-editor.default\">\n\t\t\t\t<div class=\"elementor-widget-container\">\n\t\t\t\t\t\t\t\t\t<p style=\"margin: 0;\">Fuente: El Peruano<\/p>\t\t\t\t\t\t\t\t<\/div>\n\t\t\t\t<\/div>\n\t\t\t\t<\/div>\n\t\t\t\t<\/div>\n\t\t\t\t<\/div>\n\t\t\t\t\t<\/div>\n\t\t\t\t<\/div>\n\t\t\t\t<\/div>\n\t\t","protected":false},"excerpt":{"rendered":"<p>NOTICIAS Nuevo sistema de videovigilancia inteligente interconectar\u00e1 m\u00e1s de 3 mil c\u00e1maras de la PNP y gobiernos locales. Viernes, 25 Julio, 2025 Un total de 3044 c\u00e1maras de seguridad de la Polic\u00eda Nacional del Per\u00fa (PNP) y gobiernos locales estar\u00e1n interconectadas en un nuevo sistema de videovigilancia inteligente, cuya implementaci\u00f3n se realizar\u00e1 gracias a un [&hellip;]<\/p>\n","protected":false},"author":2,"featured_media":0,"parent":0,"menu_order":0,"comment_status":"closed","ping_status":"closed","template":"","meta":{"ocean_post_layout":"","ocean_both_sidebars_style":"","ocean_both_sidebars_content_width":0,"ocean_both_sidebars_sidebars_width":0,"ocean_sidebar":"","ocean_second_sidebar":"","ocean_disable_margins":"enable","ocean_add_body_class":"","ocean_shortcode_before_top_bar":"","ocean_shortcode_after_top_bar":"","ocean_shortcode_before_header":"","ocean_shortcode_after_header":"","ocean_has_shortcode":"","ocean_shortcode_after_title":"","ocean_shortcode_before_footer_widgets":"","ocean_shortcode_after_footer_widgets":"","ocean_shortcode_before_footer_bottom":"","ocean_shortcode_after_footer_bottom":"","ocean_display_top_bar":"default","ocean_display_header":"default","ocean_header_style":"","ocean_center_header_left_menu":"","ocean_custom_header_template":"","ocean_custom_logo":0,"ocean_custom_retina_logo":0,"ocean_custom_logo_max_width":0,"ocean_custom_logo_tablet_max_width":0,"ocean_custom_logo_mobile_max_width":0,"ocean_custom_logo_max_height":0,"ocean_custom_logo_tablet_max_height":0,"ocean_custom_logo_mobile_max_height":0,"ocean_header_custom_menu":"","ocean_menu_typo_font_family":"","ocean_menu_typo_font_subset":"","ocean_menu_typo_font_size":0,"ocean_menu_typo_font_size_tablet":0,"ocean_menu_typo_font_size_mobile":0,"ocean_menu_typo_font_size_unit":"px","ocean_menu_typo_font_weight":"","ocean_menu_typo_font_weight_tablet":"","ocean_menu_typo_font_weight_mobile":"","ocean_menu_typo_transform":"","ocean_menu_typo_transform_tablet":"","ocean_menu_typo_transform_mobile":"","ocean_menu_typo_line_height":0,"ocean_menu_typo_line_height_tablet":0,"ocean_menu_typo_line_height_mobile":0,"ocean_menu_typo_line_height_unit":"","ocean_menu_typo_spacing":0,"ocean_menu_typo_spacing_tablet":0,"ocean_menu_typo_spacing_mobile":0,"ocean_menu_typo_spacing_unit":"","ocean_menu_link_color":"","ocean_menu_link_color_hover":"","ocean_menu_link_color_active":"","ocean_menu_link_background":"","ocean_menu_link_hover_background":"","ocean_menu_link_active_background":"","ocean_menu_social_links_bg":"","ocean_menu_social_hover_links_bg":"","ocean_menu_social_links_color":"","ocean_menu_social_hover_links_color":"","ocean_disable_title":"default","ocean_disable_heading":"default","ocean_post_title":"","ocean_post_subheading":"","ocean_post_title_style":"","ocean_post_title_background_color":"","ocean_post_title_background":0,"ocean_post_title_bg_image_position":"","ocean_post_title_bg_image_attachment":"","ocean_post_title_bg_image_repeat":"","ocean_post_title_bg_image_size":"","ocean_post_title_height":0,"ocean_post_title_bg_overlay":0.5,"ocean_post_title_bg_overlay_color":"","ocean_disable_breadcrumbs":"default","ocean_breadcrumbs_color":"","ocean_breadcrumbs_separator_color":"","ocean_breadcrumbs_links_color":"","ocean_breadcrumbs_links_hover_color":"","ocean_display_footer_widgets":"default","ocean_display_footer_bottom":"default","ocean_custom_footer_template":"","footnotes":""},"class_list":["post-986","page","type-page","status-publish","hentry","entry"],"_links":{"self":[{"href":"https:\/\/coresec.regionmoquegua.gob.pe\/index.php?rest_route=\/wp\/v2\/pages\/986","targetHints":{"allow":["GET"]}}],"collection":[{"href":"https:\/\/coresec.regionmoquegua.gob.pe\/index.php?rest_route=\/wp\/v2\/pages"}],"about":[{"href":"https:\/\/coresec.regionmoquegua.gob.pe\/index.php?rest_route=\/wp\/v2\/types\/page"}],"author":[{"embeddable":true,"href":"https:\/\/coresec.regionmoquegua.gob.pe\/index.php?rest_route=\/wp\/v2\/users\/2"}],"replies":[{"embeddable":true,"href":"https:\/\/coresec.regionmoquegua.gob.pe\/index.php?rest_route=%2Fwp%2Fv2%2Fcomments&post=986"}],"version-history":[{"count":96,"href":"https:\/\/coresec.regionmoquegua.gob.pe\/index.php?rest_route=\/wp\/v2\/pages\/986\/revisions"}],"predecessor-version":[{"id":1519,"href":"https:\/\/coresec.regionmoquegua.gob.pe\/index.php?rest_route=\/wp\/v2\/pages\/986\/revisions\/1519"}],"wp:attachment":[{"href":"https:\/\/coresec.regionmoquegua.gob.pe\/index.php?rest_route=%2Fwp%2Fv2%2Fmedia&parent=986"}],"curies":[{"name":"wp","href":"https:\/\/api.w.org\/{rel}","templated":true}]}}