{"id":17,"date":"2024-11-05T12:46:18","date_gmt":"2024-11-05T17:46:18","guid":{"rendered":"https:\/\/coresec.regionmoquegua.gob.pe\/?page_id=17"},"modified":"2024-12-23T08:18:30","modified_gmt":"2024-12-23T13:18:30","slug":"nosotros","status":"publish","type":"page","link":"https:\/\/coresec.regionmoquegua.gob.pe\/?page_id=17","title":{"rendered":"Nosotros"},"content":{"rendered":"\t\t<div data-elementor-type=\"wp-page\" data-elementor-id=\"17\" class=\"elementor elementor-17\">\n\t\t\t\t<div class=\"elementor-element elementor-element-0d09c78 e-flex e-con-boxed elementor-invisible e-con e-parent\" data-id=\"0d09c78\" data-element_type=\"container\" data-e-type=\"container\" data-settings=\"{&quot;shape_divider_top&quot;:&quot;drops&quot;,&quot;animation&quot;:&quot;bounceInRight&quot;}\">\n\t\t\t\t\t<div class=\"e-con-inner\">\n\t\t\t\t<div class=\"elementor-shape elementor-shape-top\" aria-hidden=\"true\" data-negative=\"false\">\n\t\t\t<svg xmlns=\"http:\/\/www.w3.org\/2000\/svg\" height=\"100%\" viewBox=\"0 0 283.5 27.8\" preserveAspectRatio=\"xMidYMax slice\">\n\t<path class=\"elementor-shape-fill\" d=\"M0 0v1.4c.6.7 1.1 1.4 1.4 2 2 3.8 2.2 6.6 1.8 10.8-.3 3.3-2.4 9.4 0 12.3 1.7 2 3.7 1.4 4.6-.9 1.4-3.8-.7-8.2-.6-12 .1-3.7 3.2-5.5 6.9-4.9 4 .6 4.8 4 4.9 7.4.1 1.8-1.1 7 0 8.5.6.8 1.6 1.2 2.4.5 1.4-1.1.1-5.4.1-6.9.1-3.7.3-8.6 4.1-10.5 5-2.5 6.2 1.6 5.4 5.6-.4 1.7-1 9.2 2.9 6.3 1.5-1.1.7-3.5.5-4.9-.4-2.4-.4-4.3 1-6.5.9-1.4 2.4-3.1 4.2-3 2.4.1 2.7 2.2 4 3.7 1.5 1.8 1.8 2.2 3 .1 1.1-1.9 1.2-2.8 3.6-3.3 1.3-.3 4.8-1.4 5.9-.5 1.5 1.1.6 2.8.4 4.3-.2 1.1-.6 4 1.8 3.4 1.7-.4-.3-4.1.6-5.6 1.3-2.2 5.8-1.4 7 .5 1.3 2.1.5 5.8.1 8.1s-1.2 5-.6 7.4c1.3 5.1 4.4.9 4.3-2.4-.1-4.4-2-8.8-.5-13 .9-2.4 4.6-6.6 7.7-4.5 2.7 1.8.5 7.8.2 10.3-.2 1.7-.8 4.6.2 6.2.9 1.4 2 1.5 2.6-.3.5-1.5-.9-4.5-1-6.1-.2-1.7-.4-3.7.2-5.4 1.8-5.6 3.5 2.4 6.3.6 1.4-.9 4.3-9.4 6.1-3.1.6 2.2-1.3 7.8.7 8.9 4.2 2.3 1.5-7.1 2.2-8 3.1-4 4.7 3.8 6.1 4.1 3.1.7 2.8-7.9 8.1-4.5 1.7 1.1 2.9 3.3 3.2 5.2.4 2.2-1 4.5-.6 6.6 1 4.3 4.4 1.5 4.4-1.7 0-2.7-3-8.3 1.4-9.1 4.4-.9 7.3 3.5 7.8 6.9.3 2-1.5 10.9 1.3 11.3 4.1.6-3.2-15.7 4.8-15.8 4.7-.1 2.8 4.1 3.9 6.6 1 2.4 2.1 1 2.3-.8.3-1.9-.9-3.2 1.3-4.3 5.9-2.9 5.9 5.4 5.5 8.5-.3 2-1.7 8.4 2 8.1 6.9-.5-2.8-16.9 4.8-18.7 4.7-1.2 6.1 3.6 6.3 7.1.1 1.7-1.2 8.1.6 9.1 3.5 2 1.9-7 2-8.4.2-4 1.2-9.6 6.4-9.8 4.7-.2 3.2 4.6 2.7 7.5-.4 2.2 1.3 8.6 3.8 4.4 1.1-1.9-.3-4.1-.3-6 0-1.7.4-3.2 1.3-4.6 1-1.6 2.9-3.5 5.1-2.9 2.5.6 2.3 4.1 4.1 4.9 1.9.8 1.6-.9 2.3-2.1 1.2-2.1 2.1-2.1 4.4-2.4 1.4-.2 3.6-1.5 4.9-.5 2.3 1.7-.7 4.4.1 6.5.6 1.5 2.1 1.7 2.8.3.7-1.4-1.1-3.4-.3-4.8 1.4-2.5 6.2-1.2 7.2 1 2.3 4.8-3.3 12-.2 16.3 3 4.1 3.9-2.8 3.8-4.8-.4-4.3-2.1-8.9 0-13.1 1.3-2.5 5.9-5.7 7.9-2.4 2 3.2-1.3 9.8-.8 13.4.5 4.4 3.5 3.3 2.7-.8-.4-1.9-2.4-10 .6-11.1 3.7-1.4 2.8 7.2 6.5.4 2.2-4.1 4.9-3.1 5.2 1.2.1 1.5-.6 3.1-.4 4.6.2 1.9 1.8 3.7 3.3 1.3 1-1.6-2.6-10.4 2.9-7.3 2.6 1.5 1.6 6.5 4.8 2.7 1.3-1.5 1.7-3.6 4-3.7 2.2-.1 4 2.3 4.8 4.1 1.3 2.9-1.5 8.4.9 10.3 4.2 3.3 3-5.5 2.7-6.9-.6-3.9 1-7.2 5.5-5 4.1 2.1 4.3 7.7 4.1 11.6 0 .8-.6 9.5 2.5 5.2 1.2-1.7-.1-7.7.1-9.6.3-2.9 1.2-5.5 4.3-6.2 4.5-1 7.7 1.5 7.4 5.8-.2 3.5-1.8 7.7-.5 11.1 1 2.7 3.6 2.8 5 .2 1.6-3.1 0-8.3-.4-11.6-.4-4.2-.2-7 1.8-10.8 0 0-.1.1-.1.2-.2.4-.3.7-.4.8v.1c-.1.2-.1.2 0 0v-.1l.4-.8c0-.1.1-.1.1-.2.2-.4.5-.8.8-1.2V0H0zM282.7 3.4z\"\/>\n<\/svg>\t\t<\/div>\n\t\t\t\t<div class=\"elementor-element elementor-element-3141c78 elementor-widget elementor-widget-image\" data-id=\"3141c78\" data-element_type=\"widget\" data-e-type=\"widget\" data-widget_type=\"image.default\">\n\t\t\t\t<div class=\"elementor-widget-container\">\n\t\t\t\t\t\t\t\t\t\t\t\t\t\t\t<img fetchpriority=\"high\" decoding=\"async\" width=\"1024\" height=\"628\" src=\"https:\/\/coresec.regionmoquegua.gob.pe\/wp-content\/uploads\/2024\/11\/coresecLogo-1024x628.jpg\" class=\"elementor-animation-bounce-out attachment-large size-large wp-image-42\" alt=\"\" srcset=\"https:\/\/coresec.regionmoquegua.gob.pe\/wp-content\/uploads\/2024\/11\/coresecLogo-1024x628.jpg 1024w, https:\/\/coresec.regionmoquegua.gob.pe\/wp-content\/uploads\/2024\/11\/coresecLogo-300x184.jpg 300w, https:\/\/coresec.regionmoquegua.gob.pe\/wp-content\/uploads\/2024\/11\/coresecLogo-768x471.jpg 768w, https:\/\/coresec.regionmoquegua.gob.pe\/wp-content\/uploads\/2024\/11\/coresecLogo-1536x943.jpg 1536w, https:\/\/coresec.regionmoquegua.gob.pe\/wp-content\/uploads\/2024\/11\/coresecLogo.jpg 1600w\" sizes=\"(max-width: 1024px) 100vw, 1024px\" \/>\t\t\t\t\t\t\t\t\t\t\t\t\t\t\t<\/div>\n\t\t\t\t<\/div>\n\t\t\t\t\t<\/div>\n\t\t\t\t<\/div>\n\t\t<div class=\"elementor-element elementor-element-49ace4f5 e-flex e-con-boxed e-con e-parent\" data-id=\"49ace4f5\" data-element_type=\"container\" data-e-type=\"container\">\n\t\t\t\t\t<div class=\"e-con-inner\">\n\t\t\t\t<div class=\"elementor-element elementor-element-32f10d6c elementor-drop-cap-yes elementor-drop-cap-view-default elementor-widget elementor-widget-text-editor\" data-id=\"32f10d6c\" data-element_type=\"widget\" data-e-type=\"widget\" data-settings=\"{&quot;drop_cap&quot;:&quot;yes&quot;}\" data-widget_type=\"text-editor.default\">\n\t\t\t\t<div class=\"elementor-widget-container\">\n\t\t\t\t\t\t\t\t\t<section>\n<div style=\"margin: 1rem 0;\">\n<h1 style=\"color: black;\">\u00bfQu\u00e9 es el CORESEC?<\/h1>\nEl Comit\u00e9 Regional de Seguridad Ciudadana (CORESEC) es una instancia responsable de formular y ejecutar planes, programas, proyectos y directivas en materia de seguridad ciudadana dentro de su jurisdicci\u00f3n. Act\u00faa en el marco de las Pol\u00edticas Nacionales definidas por el Consejo Nacional de Seguridad Ciudadana (CONASEC), promoviendo el di\u00e1logo y la coordinaci\u00f3n entre las entidades involucradas. Adem\u00e1s, CORESEC supervisa y eval\u00faa la implementaci\u00f3n de estas acciones para garantizar su eficacia y cuenta con una Secretar\u00eda T\u00e9cnica para apoyar en sus labores de planificaci\u00f3n y coordinaci\u00f3n.\n\n<\/div>\n<div style=\"margin: 1rem 0;\">\n<h1 style=\"color: black;\">\u00bfQu\u00e9 normas la sustenta?<\/h1>\nEl Comit\u00e9 Regional de Seguridad Ciudadana (CORESEC) se sustenta principalmente en la Ley N\u00b0 27933, conocida como la Ley del Sistema Nacional de Seguridad Ciudadana. Esta norma establece las responsabilidades de los diversos comit\u00e9s y autoridades en temas de seguridad ciudadana en el pa\u00eds, asignando al CORESEC el papel de coordinar y ejecutar las pol\u00edticas de seguridad dentro de cada regi\u00f3n, en alineaci\u00f3n con los lineamientos del Consejo Nacional de Seguridad Ciudadana (CONASEC).Adem\u00e1s, el CORESEC tambi\u00e9n opera bajo el Reglamento de la Ley N\u00b0 27933, aprobado mediante Decreto Supremo N\u00b0 011-2014-IN, que detalla las funciones, competencias y estructura de los comit\u00e9s regionales, entre otros aspectos organizativos.\n\n<\/div>\n<div style=\"margin: 1rem 0;\">\n<h1 style=\"color: black;\">\u00bfQu\u00e9 funciones cumple el CORESEC?<\/h1>\n<strong>a.<\/strong>\u00a0Proponer ante el Gobierno Regional la aprobaci\u00f3n del Plan de Acci\u00f3n Regional de Seguridad Ciudadana alineado al Plan Nacional de Seguridad Ciudadana y sus medidas sectoriales, elaborado bajo los enfoques de gesti\u00f3n por resultados, intercultural y regional, y articulado con los instrumentos del SINAPLAN.\n<br>\n<strong>b.<\/strong>\u00a0Proponer ante el Gobierno Regional la aprobaci\u00f3n de planes, programas y proyectos de seguridad ciudadana de relevancia regional, tomando en consideraci\u00f3n las particularidades culturales y ling\u00fc\u00edsticas de la poblaci\u00f3n.\n<br>\n<strong>c.<\/strong>\u00a0Estudiar y analizar la problem\u00e1tica de seguridad ciudadana de su jurisdicci\u00f3n, en coordinaci\u00f3n con los comit\u00e9s provinciales y distritales de seguridad ciudadana.\n<br>\n<strong>d.<\/strong>\u00a0Promover la articulaci\u00f3n interinstitucional a nivel regional para el cumplimiento de los compromisos establecidos en los planes y programas.\n<br>\n<strong>e.<\/strong>\u00a0Evaluar anualmente la ejecuci\u00f3n de la pol\u00edtica regional de seguridad ciudadana y el cumplimiento del Plan de Acci\u00f3n Regional de Seguridad Ciudadana.\n<br>\n<strong>f.<\/strong>\u00a0Promover la ejecuci\u00f3n de Proyectos de Inversi\u00f3n P\u00fablica destinados a cerrar las brechas de infraestructura en seguridad ciudadana.\n<br>\n<strong>g.<\/strong>\u00a0Promover el fortalecimiento de capacidades en materia de seguridad ciudadana y fomentar las iniciativas sobre la materia en el \u00e1mbito regional.\n\n<\/div>\n<div style=\"margin: 1rem 0;\">\n<h1 style=\"color: black;\">\u00bfQu\u00e9 es la Secretaria T\u00e9cnica de Seguridad Ciudadana?<\/h1>\nEl Comit\u00e9 Regional de Seguridad Ciudadana cuenta con una Secretar\u00eda T\u00e9cnica como el \u00f3rgano t\u00e9cnico, ejecutivo y de coordinaci\u00f3n del Comit\u00e9, la cual contar\u00e1 con profesionales, personal t\u00e9cnico y especialistas en temas de seguridad ciudadana, en base a los perfiles que apruebe cada Gobierno Regional. Cada Gobierno Regional determina el \u00f3rgano o \u00e1rea que asumir\u00e1 las funciones de la Secretar\u00eda T\u00e9cnica del CORESEC. Dicho \u00f3rgano o \u00e1rea debe ejercer funciones relacionadas a la seguridad ciudadana.\n\n<\/div>\n<div style=\"margin: 1rem 0;\">\n<h1 style=\"color: black;\">\u00bfFunciones de la Secretaria T\u00e9cnica del CORESEC?<\/h1>\n<strong>1.<\/strong>\u00a0Presentar ante el Comit\u00e9 Regional de Seguridad Ciudadana la propuesta del Plan de Acci\u00f3n Regional de Seguridad Ciudadana, elaborado bajo un enfoque descentralizado, de gesti\u00f3n por resultados, intercultural y alineado al Plan de Acci\u00f3n Regional de Seguridad Ciudadana.\n<br>\n<strong>2.<\/strong>. Presentar ante el Comit\u00e9 Regional de Seguridad Ciudadana la propuesta de planes, programas y proyectos de seguridad ciudadana de relevancia regional, tomando en consideraci\u00f3n las particularidades culturales y ling\u00fc\u00edsticas de la poblaci\u00f3n.\n<br>\n<strong>3.<\/strong>\u00a0Supervisar el cumplimiento de los compromisos sectoriales en materia de seguridad ciudadana, promoviendo la articulaci\u00f3n interinstitucional a nivel regional, dando cuenta de manera oportuna a la Secretar\u00eda T\u00e9cnica del CONASEC.\n<br>\n<strong>4.<\/strong>\u00a0Supervisar el cumplimiento los planes, programas y proyectos regionales de Seguridad Ciudadana, en el marco de los lineamientos y pol\u00edticas establecidos por la Secretar\u00eda T\u00e9cnica del CONASEC.\n<br>\n<strong>5.<\/strong>\u00a0Elaborar el informe de cumplimiento de los planes, programas y proyectos provinciales de Seguridad Ciudadana, presentados por las Secretar\u00edas T\u00e9cnicas de los Comit\u00e9s Provinciales de Seguridad Ciudadana a trav\u00e9s de la Secretar\u00eda T\u00e9cnica del CORESEC.\n<br>\n<strong>6.<\/strong>\u00a0Brindar asistencia t\u00e9cnica, en coordinaci\u00f3n con la Secretar\u00eda T\u00e9cnica del CONASEC, a las Secretar\u00edas T\u00e9cnicas de los Comit\u00e9s Provinciales y Distritales, que permita una adecuada articulaci\u00f3n entre los niveles regionales, provinciales y distritales.\n<br>\n<strong>7.<\/strong>\u00a0Promover la articulaci\u00f3n de las municipalidades provinciales para fortalecer la seguridad ciudadana en el \u00e1mbito de la jurisdicci\u00f3n regional.\n<br>\n<strong>8.<\/strong>\u00a0Sistematizar la informaci\u00f3n estad\u00edstica de seguridad ciudadana proporcionada por los otros niveles de gobierno como las Municipalidades Provinciales y Distritales, para su respectiva remisi\u00f3n a la Secretar\u00eda T\u00e9cnica del CONASEC.\n\n<\/div>\n<div style=\"margin: 1rem 0;\">\n<h1 style=\"color: black;\">\u00bfQui\u00e9n integra el CORESEC?<\/h1>\nDe acuerdo al art\u00edculo 14 de la Ley N\u00b0 27933 \u201cLey del Sistema Nacional de Seguridad Ciudadana\u201d El Comit\u00e9 Regional de Seguridad Ciudadana es presidido por el Gobernador Regional e integrado por los siguientes miembros:\n<ul>\n \t<li>La autoridad pol\u00edtica de mayor nivel de la regi\u00f3n<\/li>\n \t<li>El Jefe Policial de mayor graduaci\u00f3n de la regi\u00f3n<\/li>\n \t<li>La autoridad educativa del m\u00e1s alto nivel<\/li>\n \t<li>La autoridad de salud o su representante<\/li>\n \t<li>Un representante del Poder Judicial, designado por Presidente de la Corte Superior de la jurisdicci\u00f3n<\/li>\n \t<li>Un representante del Ministerio P\u00fablico, designado por el Fiscal Superior Decano de la jurisdicci\u00f3n<\/li>\n \t<li>El Defensor del Pueblo o el que hiciere sus veces<\/li>\n \t<li>Tres Alcaldes de las provincias con mayor n\u00famero de electores<\/li>\n<\/ul>\n<\/div>\n<\/section>\t\t\t\t\t\t\t\t<\/div>\n\t\t\t\t<\/div>\n\t\t\t\t\t<\/div>\n\t\t\t\t<\/div>\n\t\t\t\t<\/div>\n\t\t","protected":false},"excerpt":{"rendered":"<p>\u00bfQu\u00e9 es el CORESEC? El Comit\u00e9 Regional de Seguridad Ciudadana (CORESEC) es una instancia responsable de formular y ejecutar planes, programas, proyectos y directivas en materia de seguridad ciudadana dentro de su jurisdicci\u00f3n. Act\u00faa en el marco de las Pol\u00edticas Nacionales definidas por el Consejo Nacional de Seguridad Ciudadana (CONASEC), promoviendo el di\u00e1logo y la [&hellip;]<\/p>\n","protected":false},"author":1,"featured_media":0,"parent":0,"menu_order":0,"comment_status":"closed","ping_status":"closed","template":"","meta":{"ocean_post_layout":"","ocean_both_sidebars_style":"","ocean_both_sidebars_content_width":0,"ocean_both_sidebars_sidebars_width":0,"ocean_sidebar":"","ocean_second_sidebar":"","ocean_disable_margins":"enable","ocean_add_body_class":"","ocean_shortcode_before_top_bar":"","ocean_shortcode_after_top_bar":"","ocean_shortcode_before_header":"","ocean_shortcode_after_header":"","ocean_has_shortcode":"","ocean_shortcode_after_title":"","ocean_shortcode_before_footer_widgets":"","ocean_shortcode_after_footer_widgets":"","ocean_shortcode_before_footer_bottom":"","ocean_shortcode_after_footer_bottom":"","ocean_display_top_bar":"default","ocean_display_header":"default","ocean_header_style":"","ocean_center_header_left_menu":"","ocean_custom_header_template":"","ocean_custom_logo":0,"ocean_custom_retina_logo":0,"ocean_custom_logo_max_width":0,"ocean_custom_logo_tablet_max_width":0,"ocean_custom_logo_mobile_max_width":0,"ocean_custom_logo_max_height":0,"ocean_custom_logo_tablet_max_height":0,"ocean_custom_logo_mobile_max_height":0,"ocean_header_custom_menu":"","ocean_menu_typo_font_family":"","ocean_menu_typo_font_subset":"","ocean_menu_typo_font_size":0,"ocean_menu_typo_font_size_tablet":0,"ocean_menu_typo_font_size_mobile":0,"ocean_menu_typo_font_size_unit":"px","ocean_menu_typo_font_weight":"","ocean_menu_typo_font_weight_tablet":"","ocean_menu_typo_font_weight_mobile":"","ocean_menu_typo_transform":"","ocean_menu_typo_transform_tablet":"","ocean_menu_typo_transform_mobile":"","ocean_menu_typo_line_height":0,"ocean_menu_typo_line_height_tablet":0,"ocean_menu_typo_line_height_mobile":0,"ocean_menu_typo_line_height_unit":"","ocean_menu_typo_spacing":0,"ocean_menu_typo_spacing_tablet":0,"ocean_menu_typo_spacing_mobile":0,"ocean_menu_typo_spacing_unit":"","ocean_menu_link_color":"","ocean_menu_link_color_hover":"","ocean_menu_link_color_active":"","ocean_menu_link_background":"","ocean_menu_link_hover_background":"","ocean_menu_link_active_background":"","ocean_menu_social_links_bg":"","ocean_menu_social_hover_links_bg":"","ocean_menu_social_links_color":"","ocean_menu_social_hover_links_color":"","ocean_disable_title":"default","ocean_disable_heading":"default","ocean_post_title":"","ocean_post_subheading":"","ocean_post_title_style":"","ocean_post_title_background_color":"","ocean_post_title_background":0,"ocean_post_title_bg_image_position":"","ocean_post_title_bg_image_attachment":"","ocean_post_title_bg_image_repeat":"","ocean_post_title_bg_image_size":"","ocean_post_title_height":0,"ocean_post_title_bg_overlay":0.5,"ocean_post_title_bg_overlay_color":"","ocean_disable_breadcrumbs":"default","ocean_breadcrumbs_color":"","ocean_breadcrumbs_separator_color":"","ocean_breadcrumbs_links_color":"","ocean_breadcrumbs_links_hover_color":"","ocean_display_footer_widgets":"default","ocean_display_footer_bottom":"default","ocean_custom_footer_template":"","footnotes":""},"class_list":["post-17","page","type-page","status-publish","hentry","entry"],"_links":{"self":[{"href":"https:\/\/coresec.regionmoquegua.gob.pe\/index.php?rest_route=\/wp\/v2\/pages\/17","targetHints":{"allow":["GET"]}}],"collection":[{"href":"https:\/\/coresec.regionmoquegua.gob.pe\/index.php?rest_route=\/wp\/v2\/pages"}],"about":[{"href":"https:\/\/coresec.regionmoquegua.gob.pe\/index.php?rest_route=\/wp\/v2\/types\/page"}],"author":[{"embeddable":true,"href":"https:\/\/coresec.regionmoquegua.gob.pe\/index.php?rest_route=\/wp\/v2\/users\/1"}],"replies":[{"embeddable":true,"href":"https:\/\/coresec.regionmoquegua.gob.pe\/index.php?rest_route=%2Fwp%2Fv2%2Fcomments&post=17"}],"version-history":[{"count":111,"href":"https:\/\/coresec.regionmoquegua.gob.pe\/index.php?rest_route=\/wp\/v2\/pages\/17\/revisions"}],"predecessor-version":[{"id":1287,"href":"https:\/\/coresec.regionmoquegua.gob.pe\/index.php?rest_route=\/wp\/v2\/pages\/17\/revisions\/1287"}],"wp:attachment":[{"href":"https:\/\/coresec.regionmoquegua.gob.pe\/index.php?rest_route=%2Fwp%2Fv2%2Fmedia&parent=17"}],"curies":[{"name":"wp","href":"https:\/\/api.w.org\/{rel}","templated":true}]}}